{"id":2412,"date":"2014-10-02T12:09:52","date_gmt":"2014-10-02T12:09:52","guid":{"rendered":"http:\/\/projects.handsupfortrad.scot\/handsupfortrad\/?page_id=2412"},"modified":"2015-01-09T12:42:24","modified_gmt":"2015-01-09T12:42:24","slug":"liet-international-european-minority-language-song-competition","status":"publish","type":"page","link":"https:\/\/projects.handsupfortrad.scot\/handsupfortrad\/liet-international-european-minority-language-song-competition\/","title":{"rendered":"Liet International European Minority Language Song Competition"},"content":{"rendered":"<p><a href=\"http:\/\/projects.handsupfortrad.scot\/handsupfortrad\/files\/2014\/10\/liet-logo.png\"><img loading=\"lazy\" decoding=\"async\" class=\"alignright size-medium wp-image-2413\" src=\"http:\/\/projects.handsupfortrad.scot\/handsupfortrad\/files\/2014\/10\/liet-logo-300x65.png\" alt=\"liet-logo\" width=\"300\" height=\"65\" srcset=\"https:\/\/projects.handsupfortrad.scot\/handsupfortrad\/files\/2014\/10\/liet-logo-300x65.png 300w, https:\/\/projects.handsupfortrad.scot\/handsupfortrad\/files\/2014\/10\/liet-logo-200x43.png 200w, https:\/\/projects.handsupfortrad.scot\/handsupfortrad\/files\/2014\/10\/liet-logo.png 912w\" sizes=\"auto, (max-width: 300px) 100vw, 300px\" \/><\/a><\/p>\n<p><strong>Congratulations to Willie Campbell who has won through to the finals of the Liet International. Read the <a title=\"Willie Campbell wins through to Liet International European Minority Language Song Competition\" href=\"http:\/\/projects.handsupfortrad.scot\/handsupfortrad\/willie-campbell-wins-through-to-liet-international-european-minority-language-song-competition\/\">press release<\/a>.<\/strong><\/p>\n<p><em>Read this press release in <a title=\"Liet International European Minority Leid Song Competeition Cry oot fir Scottish Gaelic &amp; Scots Leid Entries\" href=\"http:\/\/projects.handsupfortrad.scot\/handsupfortrad\/liet-international-european-minority-leid-song-competeition-cry-oot-fir-scottish-gaelic-scots-leid-entries\/\">Scots<\/a> or <a title=\"Liet \u2013 Farpais E\u00f2rpach Eadar-n\u00e0iseanta airson \u00d2rain Mhion-ch\u00e0nain\" href=\"http:\/\/projects.handsupfortrad.scot\/handsupfortrad\/liet-farpais-eorpach-eadar-naiseanta-airson-orain-mhion-chanain\/\">Gaelic<\/a>.<\/em><br \/>\nLiet International is an annual event\u00a0where singers and bands from across Europe compete to win best song in a European minority language. In 2014\u00a0the event took\u00a0place in Oldenburg in Germany on Friday 12 December 2014. This multi-linguistic competition\u00a0had singers attending from all over Europe including countries such as Norway, Germany, Italy, Netherlands and draws substantial media attention.<\/p>\n<p>For more information on Liet International please visit: <a href=\"\u2028www.liet-international.com\/nieuws\/liet-international-2014-in-oldenburg-germany\">\u2028www.liet-international.com\/nieuws\/liet-international-2014-in-oldenburg-germany<\/a><\/p>\n<p>This promotion is supported by <a href=\"http:\/\/www.creativescotland.com\">Creative Scotland<\/a> working in partnership with <a href=\"http:\/\/www.bbc.co.uk\/tv\/bbcalba\">BBC Alba\/Scotland<\/a>, <a title=\"Home\" href=\"http:\/\/projects.handsupfortrad.scot\/handsupfortrad\/\">Hands Up for Trad<\/a> and <a href=\"http:\/\/liet-international.com\">Liet International<\/a>.<\/p>\n<p>Here are Liet related news items.<\/p>\n\n<!-- NOTE: If you need to make changes to this file, copy it to your current theme's main\n\tdirectory so your changes won't be overwritten when the plugin is upgraded. -->\n\n<!-- Post Wrap Start-->\n<div class=\"post hentry ivycat-post\">\n\n\t<!-- \tThis outputs the post TITLE -->\n\t<h2 class=\"entry-title\"><a href=\"https:\/\/projects.handsupfortrad.scot\/handsupfortrad\/liet-experiences\/\">Liet Experiences<\/a><\/h2>\n\n\t<!-- \tThis outputs the post EXCERPT.  To display full content including images and html,\n\t\treplace the_excerpt(); with the_content();  below. -->\n\t<div class=\"entry-summary\">\n\t\t<p>Written by Willie Campbell, Scotland&#8217;s entrant into Liet International. Firstly, thanks so much for the opportunity to perform at this year\u2019s Liet songs. The show itself was of a really high standard with a great stage manager and crew who were very patient and gave everybody lots of time to get organised. My slot during [&hellip;]<\/p>\n\t<\/div>\n\n\t<!--\tThis outputs the post META information -->\n\t<div class=\"entry-utility\">\n\t\t\t\t\t<span class=\"cat-links\">\n\t\t\t\t<span class=\"entry-utility-prep entry-utility-prep-cat-links\">Posted in<\/span> <a href=\"https:\/\/projects.handsupfortrad.scot\/handsupfortrad\/category\/liet\/\" rel=\"category tag\">Liet<\/a>\t\t\t<\/span>\n\t\t\t<span class=\"meta-sep\">|<\/span>\n\t\t\t\t\t\t<span class=\"comments-link\">\n\t\t\t<span>Comments Off<span class=\"screen-reader-text\"> on Liet Experiences<\/span><\/span>\t\t<\/span>\n\t\t\t<\/div>\n<\/div>\n<!-- \/\/ Post Wrap End -->\n\n<!-- NOTE: If you need to make changes to this file, copy it to your current theme's main\n\tdirectory so your changes won't be overwritten when the plugin is upgraded. -->\n\n<!-- Post Wrap Start-->\n<div class=\"post hentry ivycat-post\">\n\n\t<!-- \tThis outputs the post TITLE -->\n\t<h2 class=\"entry-title\"><a href=\"https:\/\/projects.handsupfortrad.scot\/handsupfortrad\/martina-iori-winner-of-liet-international-2014\/\">Martina Iori, winner of Liet International 2014<\/a><\/h2>\n\n\t<!-- \tThis outputs the post EXCERPT.  To display full content including images and html,\n\t\treplace the_excerpt(); with the_content();  below. -->\n\t<div class=\"entry-summary\">\n\t\t<p>On Friday, 12 December 2014, the 10th edition of Liet International, the song contest for musicians who sing in a regional or minority language, took place in the North-German city of Oldenburg, in Lower Saxony. Winner of the Jury Award this year was Martina Iori. This 19 year-old musician from Val di Fassa in the [&hellip;]<\/p>\n\t<\/div>\n\n\t<!--\tThis outputs the post META information -->\n\t<div class=\"entry-utility\">\n\t\t\t\t\t<span class=\"cat-links\">\n\t\t\t\t<span class=\"entry-utility-prep entry-utility-prep-cat-links\">Posted in<\/span> <a href=\"https:\/\/projects.handsupfortrad.scot\/handsupfortrad\/category\/liet\/\" rel=\"category tag\">Liet<\/a>\t\t\t<\/span>\n\t\t\t<span class=\"meta-sep\">|<\/span>\n\t\t\t\t\t\t<span class=\"comments-link\">\n\t\t\t<span>Comments Off<span class=\"screen-reader-text\"> on Martina Iori, winner of Liet International 2014<\/span><\/span>\t\t<\/span>\n\t\t\t<\/div>\n<\/div>\n<!-- \/\/ Post Wrap End -->\n\n<!-- NOTE: If you need to make changes to this file, copy it to your current theme's main\n\tdirectory so your changes won't be overwritten when the plugin is upgraded. -->\n\n<!-- Post Wrap Start-->\n<div class=\"post hentry ivycat-post\">\n\n\t<!-- \tThis outputs the post TITLE -->\n\t<h2 class=\"entry-title\"><a href=\"https:\/\/projects.handsupfortrad.scot\/handsupfortrad\/line-up-of-liet-international-2014\/\">Line-up of Liet International 2014<\/a><\/h2>\n\n\t<!-- \tThis outputs the post EXCERPT.  To display full content including images and html,\n\t\treplace the_excerpt(); with the_content();  below. -->\n\t<div class=\"entry-summary\">\n\t\t<p>LJOUWERT, 21 November 2014 At Friday 12 December 2014 the 10th edition of Liet International will take place in the North-German city Oldenburg. After the participation of F\u00f6fftig Penns in Liet International 2009, the festival Plattsounds started in Oldenburg, the song contest for songs in Low German. The organisers of this festival and theatre Kulturetage [&hellip;]<\/p>\n\t<\/div>\n\n\t<!--\tThis outputs the post META information -->\n\t<div class=\"entry-utility\">\n\t\t\t\t\t<span class=\"cat-links\">\n\t\t\t\t<span class=\"entry-utility-prep entry-utility-prep-cat-links\">Posted in<\/span> <a href=\"https:\/\/projects.handsupfortrad.scot\/handsupfortrad\/category\/liet\/\" rel=\"category tag\">Liet<\/a>\t\t\t<\/span>\n\t\t\t<span class=\"meta-sep\">|<\/span>\n\t\t\t\t\t\t<span class=\"comments-link\">\n\t\t\t<span>Comments Off<span class=\"screen-reader-text\"> on Line-up of Liet International 2014<\/span><\/span>\t\t<\/span>\n\t\t\t<\/div>\n<\/div>\n<!-- \/\/ Post Wrap End -->\n\n<!-- NOTE: If you need to make changes to this file, copy it to your current theme's main\n\tdirectory so your changes won't be overwritten when the plugin is upgraded. -->\n\n<!-- Post Wrap Start-->\n<div class=\"post hentry ivycat-post\">\n\n\t<!-- \tThis outputs the post TITLE -->\n\t<h2 class=\"entry-title\"><a href=\"https:\/\/projects.handsupfortrad.scot\/handsupfortrad\/willie-campbell-wins-through-to-liet-international-european-minority-language-song-competition\/\">Willie Campbell wins through to Liet International European Minority Language Song Competition<\/a><\/h2>\n\n\t<!-- \tThis outputs the post EXCERPT.  To display full content including images and html,\n\t\treplace the_excerpt(); with the_content();  below. -->\n\t<div class=\"entry-summary\">\n\t\t<p>Creative Scotland, BBC Alba\/Scotland and Hands Up for Trad are very happy to announce that songwriter Willie Campbell from Lewis has won through to the Liet International European Minority Language Song Competition. His song Fir Chlis was judged by the panel to be an excellent fit for the competition and a great song! Willie Campbell [&hellip;]<\/p>\n\t<\/div>\n\n\t<!--\tThis outputs the post META information -->\n\t<div class=\"entry-utility\">\n\t\t\t\t\t<span class=\"cat-links\">\n\t\t\t\t<span class=\"entry-utility-prep entry-utility-prep-cat-links\">Posted in<\/span> <a href=\"https:\/\/projects.handsupfortrad.scot\/handsupfortrad\/category\/liet\/\" rel=\"category tag\">Liet<\/a>\t\t\t<\/span>\n\t\t\t<span class=\"meta-sep\">|<\/span>\n\t\t\t\t\t\t<span class=\"comments-link\">\n\t\t\t<span>Comments Off<span class=\"screen-reader-text\"> on Willie Campbell wins through to Liet International European Minority Language Song Competition<\/span><\/span>\t\t<\/span>\n\t\t\t<\/div>\n<\/div>\n<!-- \/\/ Post Wrap End -->\n\n<!-- NOTE: If you need to make changes to this file, copy it to your current theme's main\n\tdirectory so your changes won't be overwritten when the plugin is upgraded. -->\n\n<!-- Post Wrap Start-->\n<div class=\"post hentry ivycat-post\">\n\n\t<!-- \tThis outputs the post TITLE -->\n\t<h2 class=\"entry-title\"><a href=\"https:\/\/projects.handsupfortrad.scot\/handsupfortrad\/liet-international-song-competition-for-scots-and-gaelic-writers\/\">Liet International Song Competition for Scots and Gaelic writers<\/a><\/h2>\n\n\t<!-- \tThis outputs the post EXCERPT.  To display full content including images and html,\n\t\treplace the_excerpt(); with the_content();  below. -->\n\t<div class=\"entry-summary\">\n\t\t<p>Scottish Gaelic and Scots singers and bands are invited to submit a song in either language to be performed and entered into the Liet International song competition in Oldenburg, Germany on 12 December 2014. Liet International is an annual event where singers and bands from across Europe compete to win best song in a European [&hellip;]<\/p>\n\t<\/div>\n\n\t<!--\tThis outputs the post META information -->\n\t<div class=\"entry-utility\">\n\t\t\t\t\t<span class=\"cat-links\">\n\t\t\t\t<span class=\"entry-utility-prep entry-utility-prep-cat-links\">Posted in<\/span> <a href=\"https:\/\/projects.handsupfortrad.scot\/handsupfortrad\/category\/liet\/\" rel=\"category tag\">Liet<\/a>, <a href=\"https:\/\/projects.handsupfortrad.scot\/handsupfortrad\/category\/media\/\" rel=\"category tag\">Media<\/a>\t\t\t<\/span>\n\t\t\t<span class=\"meta-sep\">|<\/span>\n\t\t\t\t\t\t<span class=\"comments-link\">\n\t\t\t<span>Comments Off<span class=\"screen-reader-text\"> on Liet International Song Competition for Scots and Gaelic writers<\/span><\/span>\t\t<\/span>\n\t\t\t<\/div>\n<\/div>\n<!-- \/\/ Post Wrap End -->\n\n<p><a href=\"http:\/\/www.creativescotland.com\"><img loading=\"lazy\" decoding=\"async\" class=\"alignleft  wp-image-2418\" src=\"http:\/\/projects.handsupfortrad.scot\/handsupfortrad\/files\/2014\/10\/promobox_bigpic-300x182.png\" alt=\"promobox_bigpic\" width=\"237\" height=\"144\" srcset=\"https:\/\/projects.handsupfortrad.scot\/handsupfortrad\/files\/2014\/10\/promobox_bigpic-300x182.png 300w, https:\/\/projects.handsupfortrad.scot\/handsupfortrad\/files\/2014\/10\/promobox_bigpic-200x121.png 200w, https:\/\/projects.handsupfortrad.scot\/handsupfortrad\/files\/2014\/10\/promobox_bigpic.png 489w\" sizes=\"auto, (max-width: 237px) 100vw, 237px\" \/><\/a><\/p>\n","protected":false},"excerpt":{"rendered":"<p>Congratulations to Willie Campbell who has won through to the finals of the Liet International. Read the press release. Read this press release in Scots or Gaelic. Liet International is an annual event\u00a0where singers and bands from across Europe compete to win best song in a European minority language. In 2014\u00a0the event took\u00a0place in Oldenburg [&hellip;]<\/p>\n","protected":false},"author":2,"featured_media":0,"parent":0,"menu_order":0,"comment_status":"open","ping_status":"open","template":"","meta":{"_genesis_hide_title":false,"_genesis_hide_breadcrumbs":false,"_genesis_hide_singular_image":false,"_genesis_hide_footer_widgets":false,"_genesis_custom_body_class":"","_genesis_custom_post_class":"","_genesis_layout":"","jetpack_post_was_ever_published":false,"footnotes":""},"class_list":{"0":"post-2412","1":"page","2":"type-page","3":"status-publish","5":"entry","6":"has-post-thumbnail"},"featured_image_src":null,"featured_image_src_square":null,"jetpack_shortlink":"https:\/\/wp.me\/Pcv15g-CU","jetpack_sharing_enabled":true,"_links":{"self":[{"href":"https:\/\/projects.handsupfortrad.scot\/handsupfortrad\/wp-json\/wp\/v2\/pages\/2412","targetHints":{"allow":["GET"]}}],"collection":[{"href":"https:\/\/projects.handsupfortrad.scot\/handsupfortrad\/wp-json\/wp\/v2\/pages"}],"about":[{"href":"https:\/\/projects.handsupfortrad.scot\/handsupfortrad\/wp-json\/wp\/v2\/types\/page"}],"author":[{"embeddable":true,"href":"https:\/\/projects.handsupfortrad.scot\/handsupfortrad\/wp-json\/wp\/v2\/users\/2"}],"replies":[{"embeddable":true,"href":"https:\/\/projects.handsupfortrad.scot\/handsupfortrad\/wp-json\/wp\/v2\/comments?post=2412"}],"version-history":[{"count":13,"href":"https:\/\/projects.handsupfortrad.scot\/handsupfortrad\/wp-json\/wp\/v2\/pages\/2412\/revisions"}],"predecessor-version":[{"id":3003,"href":"https:\/\/projects.handsupfortrad.scot\/handsupfortrad\/wp-json\/wp\/v2\/pages\/2412\/revisions\/3003"}],"wp:attachment":[{"href":"https:\/\/projects.handsupfortrad.scot\/handsupfortrad\/wp-json\/wp\/v2\/media?parent=2412"}],"curies":[{"name":"wp","href":"https:\/\/api.w.org\/{rel}","templated":true}]}}