{"id":2875,"date":"2018-04-10T17:07:34","date_gmt":"2018-04-10T16:07:34","guid":{"rendered":"https:\/\/projects.handsupfortrad.scot\/hall-of-fame\/?page_id=2875"},"modified":"2018-04-30T07:04:47","modified_gmt":"2018-04-30T06:04:47","slug":"peigi-maclennan","status":"publish","type":"page","link":"https:\/\/projects.handsupfortrad.scot\/hall-of-fame\/peigi-maclennan\/","title":{"rendered":"Peigi MacLennan"},"content":{"rendered":"<p><img loading=\"lazy\" decoding=\"async\" src=\"https:\/\/projects.handsupfortrad.scot\/hall-of-fame\/files\/2018\/04\/img_3214-1-1.jpg\" class=\"size-medium wp-image-2901 alignright\" width=\"2034\" height=\"3000\" srcset=\"https:\/\/projects.handsupfortrad.scot\/hall-of-fame\/files\/2018\/04\/img_3214-1-1.jpg 2034w, https:\/\/projects.handsupfortrad.scot\/hall-of-fame\/files\/2018\/04\/img_3214-1-1-203x300.jpg 203w, https:\/\/projects.handsupfortrad.scot\/hall-of-fame\/files\/2018\/04\/img_3214-1-1-768x1133.jpg 768w, https:\/\/projects.handsupfortrad.scot\/hall-of-fame\/files\/2018\/04\/img_3214-1-1-694x1024.jpg 694w\" sizes=\"auto, (max-width: 2034px) 100vw, 2034px\" \/>Peigi MacLennan has been a major contributor to the continuation of the Gaelic music and song traditions as well as the wider Gaelic culture. Over a long period and very often in a voluntary capacity Peigi has consistently been supportive of the F\u00e8is movement in general and F\u00e8is Eilean an Fhraoich in particular and as the secretary and office manager of An Comunn G\u00e0idhealach on Stornoway since 1999 she has been an important point of contact for participants in the Mod.<\/p>\n<p>Peigi was born in Breascleit on Lewis and has lived on the island all her life. She grew up hearing music at ceilidhs and family occasions when her father played the melodeon, a talent that has transferred through the family to her son, Graham.<\/p>\n<p>When Graham was three, Peigi took him along to F\u00e8is Eilean an Fhraoich, which had begun in Stornoway a few years earlier and she gradually became more and more involved in helping behind the scenes. She will deny that she is now the organiser as it takes a team of people to make sure everything is in place but her role\u00a0encompasses the week-long summer F\u00e8is as well as a range of classes all year round.<\/p>\n<p>Many of the traditional Gaelic singers and musicians active today owe their grounding to the F\u00e8isean movement and F\u00e8is Eilean an Fhraoich has played a significant part in this by keeping students involved through their teens and securing some of the best tutors around to pass on their skills to the youngsters.<\/p>\n<p>Among the initiatives brought to fruition during Peigi\u2019s time with F\u00e8is Eilean an Fhraoich are a Teen Feis, groupwork sessions and exchanges between F\u00e8is Eilean an Fhraoich and F\u00e8is Rois and through links that have seen her hosting young Irish musicians with a view to young people from Lewis taking part in reciprocal visits to Ireland.<\/p>\n<p>Peigi has always been willing to organise F\u00e8is Eilean an Fhraoich\u2019s involvement in national showcase opportunities organised by F\u00e8isean nan G\u00e0idheal, and others, giving the young people of Lewis the opportunity to perform on a stage with their peers in a high-quality performance environment such as Celtic Connections in Glasgow. She has also been very involved in the fundraising that\u2019s required to maintain a F\u00e8is and to organise trips to festivals and performances.<\/p>\n<p>In addition to her involvement with the F\u00e8is, Peigi\u2019s \u2018day job\u2019 is with An Comunn G\u00e0idhealach in a post that sees her taking a hands-on role in the running of Scotland\u2019s largest Gaelic festival, the National M\u00f2d. She is also secretary to the Board of An Comunn G\u00e0idhealach and runs the local M\u00f2d Le\u00f2dhais, which has developed enormously in the past few years to be one of the largest provincial M\u00f2ds in the country. Peigi is also active in the Lewis &amp; Harris Accordion and Fiddle Club and, following the 2016 National M\u00f2d,\u00a0she was given an award for Community Public Service for her part in organising the event and for her community work in the Newton area of Stornoway where she lives.\u00a0 She is currently a Director of Acair, a Gaelic publisher based in Stornoway.<\/p>\n<p>Peigi\u2019s involvement and influence go far beyond Lewis and the Western Isles. She served on F\u00e8isean nan G\u00e0idheal\u2019s board for a number of years and the organisation now supports forty-seven F\u00e8isean across Scotland, has an annual turnover of \u00a31.4m and employs a staff of eleven and hundreds of musicians on a freelance basis.<\/p>\n","protected":false},"excerpt":{"rendered":"<p>Peigi MacLennan has been a major contributor to the continuation of the Gaelic music and song traditions as well as the wider Gaelic culture. Over a long period and very often in a voluntary capacity Peigi has consistently been supportive of the F\u00e8is movement in general and F\u00e8is Eilean an Fhraoich in particular and as [&hellip;]<\/p>\n","protected":false},"author":2,"featured_media":2900,"parent":0,"menu_order":0,"comment_status":"closed","ping_status":"closed","template":"","meta":{"_genesis_hide_title":false,"_genesis_hide_breadcrumbs":false,"_genesis_hide_singular_image":false,"_genesis_hide_footer_widgets":false,"_genesis_custom_body_class":"","_genesis_custom_post_class":"","_genesis_layout":"","footnotes":""},"class_list":{"0":"post-2875","1":"page","2":"type-page","3":"status-publish","4":"has-post-thumbnail","6":"entry"},"_links":{"self":[{"href":"https:\/\/projects.handsupfortrad.scot\/hall-of-fame\/wp-json\/wp\/v2\/pages\/2875","targetHints":{"allow":["GET"]}}],"collection":[{"href":"https:\/\/projects.handsupfortrad.scot\/hall-of-fame\/wp-json\/wp\/v2\/pages"}],"about":[{"href":"https:\/\/projects.handsupfortrad.scot\/hall-of-fame\/wp-json\/wp\/v2\/types\/page"}],"author":[{"embeddable":true,"href":"https:\/\/projects.handsupfortrad.scot\/hall-of-fame\/wp-json\/wp\/v2\/users\/2"}],"replies":[{"embeddable":true,"href":"https:\/\/projects.handsupfortrad.scot\/hall-of-fame\/wp-json\/wp\/v2\/comments?post=2875"}],"version-history":[{"count":2,"href":"https:\/\/projects.handsupfortrad.scot\/hall-of-fame\/wp-json\/wp\/v2\/pages\/2875\/revisions"}],"predecessor-version":[{"id":2902,"href":"https:\/\/projects.handsupfortrad.scot\/hall-of-fame\/wp-json\/wp\/v2\/pages\/2875\/revisions\/2902"}],"wp:featuredmedia":[{"embeddable":true,"href":"https:\/\/projects.handsupfortrad.scot\/hall-of-fame\/wp-json\/wp\/v2\/media\/2900"}],"wp:attachment":[{"href":"https:\/\/projects.handsupfortrad.scot\/hall-of-fame\/wp-json\/wp\/v2\/media?parent=2875"}],"curies":[{"name":"wp","href":"https:\/\/api.w.org\/{rel}","templated":true}]}}