{"id":2778,"date":"2017-09-26T09:50:39","date_gmt":"2017-09-26T08:50:39","guid":{"rendered":"https:\/\/projects.handsupfortrad.scot\/hall-of-fame\/?page_id=2778"},"modified":"2017-09-29T16:31:33","modified_gmt":"2017-09-29T15:31:33","slug":"christine-primrose","status":"publish","type":"page","link":"https:\/\/projects.handsupfortrad.scot\/hall-of-fame\/christine-primrose\/","title":{"rendered":"Christine Primrose"},"content":{"rendered":"<p><a href=\"https:\/\/projects.handsupfortrad.scot\/hall-of-fame\/files\/2017\/09\/img_2272.jpg\"><img loading=\"lazy\" decoding=\"async\" width=\"442\" height=\"300\" alt=\"\" src=\"https:\/\/projects.handsupfortrad.scot\/hall-of-fame\/files\/2017\/09\/img_2272.jpg\" title=\"\" class=\"alignright size-medium wp-image-2827\" srcset=\"https:\/\/projects.handsupfortrad.scot\/hall-of-fame\/files\/2017\/09\/img_2272.jpg 2912w, https:\/\/projects.handsupfortrad.scot\/hall-of-fame\/files\/2017\/09\/img_2272-300x203.jpg 300w, https:\/\/projects.handsupfortrad.scot\/hall-of-fame\/files\/2017\/09\/img_2272-768x520.jpg 768w, https:\/\/projects.handsupfortrad.scot\/hall-of-fame\/files\/2017\/09\/img_2272-1024x694.jpg 1024w\" sizes=\"auto, (max-width: 442px) 100vw, 442px\" \/><\/a>One of Gaelic singing\u2019s greatest voices, Christine Primrose has taken a talent she describes as a natural part of her early life on the island of Lewis and discovered its power to move people all over the world. From Canada to Canberra, where she has been appointed a Fellow of the Australian National University, Christine has charmed audiences with the sheer soulful authenticity of her singing.<\/p>\n<p>Christine was born in Carloway on the west side of Lewis and grew up in a Gaelic speaking community where her mother sang and where Christine learned her first songs. There was no shortage of singers locally but from an early age people would ask Christine especially to sing. It was just something she did and even when she won the Gold medal in traditional singing at the Royal National M\u00f2d in 1974 she had no thoughts of making singing her career.<\/p>\n<p>In the culture she grew up in, people sang but they had jobs and eventually Christine found her way into the position of PA at Sabhal M\u00f2r Ostaig, the Gaelic College on Skye. She was, she readily concedes, hopeless in admin and she once happened across by accident a damning memo from her boss confirming her assessment.<\/p>\n<p>By this time, however, she had followed up her Royal National M\u00f2d success by winning the traditional singing award at the Pan Celtic Festival in Killarney in 1979 and by recording her first album, the ground-breaking \u00c0ite Mo Ghaoil for Robin Morton of Temple Records who championed Christine and organised her first tour of the U.S. with the harper Alison Kinnaird.<\/p>\n<p>Despite the misgivings of people from home, who genuinely couldn\u2019t believe that Christine was singing Gaelic songs to audiences who didn\u2019t understand a word of Gaelic, part of the reason for the aforementioned memo was that these audiences liked what they were hearing so much that Christine was habitually, in office parlance, away from her desk. Often this was for the best of reasons, such as singing at the Smithsonian Institution in Washington or appearing with Tag Theatre Company on a three-month run.<\/p>\n<p>In 1990 Christine and Alison Kinnaird released the Quiet Tradition album and three years later Sabhal M\u00f2r Ostaig lost a PA and found a singing teacher who has gone on to become a much revered and cherished Head of Gaelic Song. Christine also teaches singing on fiddler Alasdair Fraser\u2019s long-running annual fiddle camp at Sabhal M\u00f2r Ostaig and has given workshops at his Valley of the Moon fiddle camp in Northern California as well as for the New York Caledonian Club.<\/p>\n<p>Although not the most prolific visitor to a recording studio, Christine, who won the Gaelic Singer of the Year title at the Scots Trad Music Awards in 2009, has featured on Mairidh Gaol is Ce\u00f2l with the Gaelic supergroup Mac-Talla and on An Turas with Brian \u00d3 hEadhra and she released her own album Gun Sireadh, Gun Iarraidh in 2001. In 2017 she released her masterpiece, Gr\u00e0dh is Gonadh \u2013 Guth ag aithris (Love and Loss \u2013 a Lone Voice), an hour of unaccompanied Gaelic singing delivered with the clarity and emotional expression of a true and very natural virtuoso.<\/p>\n","protected":false},"excerpt":{"rendered":"<p>One of Gaelic singing\u2019s greatest voices, Christine Primrose has taken a talent she describes as a natural part of her early life on the island of Lewis and discovered its power to move people all over the world. From Canada to Canberra, where she has been appointed a Fellow of the Australian National University, Christine [&hellip;]<\/p>\n","protected":false},"author":2,"featured_media":2827,"parent":0,"menu_order":0,"comment_status":"closed","ping_status":"closed","template":"","meta":{"_genesis_hide_title":false,"_genesis_hide_breadcrumbs":false,"_genesis_hide_singular_image":false,"_genesis_hide_footer_widgets":false,"_genesis_custom_body_class":"","_genesis_custom_post_class":"","_genesis_layout":"","footnotes":""},"class_list":{"0":"post-2778","1":"page","2":"type-page","3":"status-publish","4":"has-post-thumbnail","6":"entry"},"_links":{"self":[{"href":"https:\/\/projects.handsupfortrad.scot\/hall-of-fame\/wp-json\/wp\/v2\/pages\/2778","targetHints":{"allow":["GET"]}}],"collection":[{"href":"https:\/\/projects.handsupfortrad.scot\/hall-of-fame\/wp-json\/wp\/v2\/pages"}],"about":[{"href":"https:\/\/projects.handsupfortrad.scot\/hall-of-fame\/wp-json\/wp\/v2\/types\/page"}],"author":[{"embeddable":true,"href":"https:\/\/projects.handsupfortrad.scot\/hall-of-fame\/wp-json\/wp\/v2\/users\/2"}],"replies":[{"embeddable":true,"href":"https:\/\/projects.handsupfortrad.scot\/hall-of-fame\/wp-json\/wp\/v2\/comments?post=2778"}],"version-history":[{"count":2,"href":"https:\/\/projects.handsupfortrad.scot\/hall-of-fame\/wp-json\/wp\/v2\/pages\/2778\/revisions"}],"predecessor-version":[{"id":2828,"href":"https:\/\/projects.handsupfortrad.scot\/hall-of-fame\/wp-json\/wp\/v2\/pages\/2778\/revisions\/2828"}],"wp:featuredmedia":[{"embeddable":true,"href":"https:\/\/projects.handsupfortrad.scot\/hall-of-fame\/wp-json\/wp\/v2\/media\/2827"}],"wp:attachment":[{"href":"https:\/\/projects.handsupfortrad.scot\/hall-of-fame\/wp-json\/wp\/v2\/media?parent=2778"}],"curies":[{"name":"wp","href":"https:\/\/api.w.org\/{rel}","templated":true}]}}