{"id":2709,"date":"2016-11-23T12:01:51","date_gmt":"2016-11-23T12:01:51","guid":{"rendered":"https:\/\/projects.handsupfortrad.scot\/hall-of-fame\/?page_id=2709"},"modified":"2017-05-24T09:54:36","modified_gmt":"2017-05-24T08:54:36","slug":"rod-mackenzie-community-gaelic-choir-leader-and-teacher","status":"publish","type":"page","link":"https:\/\/projects.handsupfortrad.scot\/hall-of-fame\/rod-mackenzie-community-gaelic-choir-leader-and-teacher\/","title":{"rendered":"Rod Mackenzie: community Gaelic choir leader and teacher. (1941-2017)"},"content":{"rendered":"<p><a href=\"https:\/\/projects.handsupfortrad.scot\/hall-of-fame\/files\/2016\/11\/roddy-mackenzie-1.jpg\"><img loading=\"lazy\" decoding=\"async\" width=\"263\" height=\"300\" alt=\"\" src=\"https:\/\/projects.handsupfortrad.scot\/hall-of-fame\/files\/2016\/11\/roddy-mackenzie-1.jpg\" title=\"\" class=\"alignright size-medium wp-image-2708\" srcset=\"https:\/\/projects.handsupfortrad.scot\/hall-of-fame\/files\/2016\/11\/roddy-mackenzie-1.jpg 921w, https:\/\/projects.handsupfortrad.scot\/hall-of-fame\/files\/2016\/11\/roddy-mackenzie-1-263x300.jpg 263w, https:\/\/projects.handsupfortrad.scot\/hall-of-fame\/files\/2016\/11\/roddy-mackenzie-1-768x875.jpg 768w, https:\/\/projects.handsupfortrad.scot\/hall-of-fame\/files\/2016\/11\/roddy-mackenzie-1-899x1024.jpg 899w\" sizes=\"auto, (max-width: 263px) 100vw, 263px\" \/><\/a>Rod Mackenzie was the inspirational founder, leader and teacher of no less than three Gaelic choirs from the district of Back, in Lewis, which frequently enjoyed success at the National M\u00f2d and other competitions. A deputy head and business studies teacher by profession, with no formal training in music education, he nevertheless, through his enthusiasm and commitment, forged tightly cohesive choirs that not only won medals in themselves but provided a springboard for several solo M\u00f2d gold medallists and other performers.<\/p>\n<p>His musicality has also passed down through his four children, with three of his daughters making their names as the Gaelic singing trio Mackenzie as well as in their own individual careers, while several of his 13 grandchildren are also making their way on the music scene, not least guitarist Innes White.<\/p>\n<p>The man who had such an impact on the music of a community in Lewis, actually hailed from the mainland. Rodney Mackenzie, widely known as Rod, was born to a Gaelic-speaking family in Culkein, Stoer, in Sutherland, in1941, the youngest of five children. His early years had more than their fair share of uncertainty: his mother died when he was just 10 months old, and as his father was posted in Orkney during the Second World War, the family were split up, with Rod and two of his brothers sent to an orphanage in Inverness where they remained until his father remarried in 1945 and re-settled, firstly in Lairg then in Lochinver, where Rod lived until he left home at the age of 17 to study in Glasgow.<\/p>\n<p>While a pupil of Lochinver Primary School, his interest in Gaelic song and choral singing was whetted by its headmaster, Angus M Ross (a post that would later be taken by Rod\u2019s brother, Kenny). An enthusiastic supporter of Gaelic language and culture, \u201cRossie\u201d, as he was known, introduced the young Mackenzie to the rudiments of music. A former major in the Seaforth Highlanders, Ross was a disciplinarian but, Rod would recall, \u201cin a positive way. \u201cHe used to drill us in sol-fah reading by using the \u2018modulator\u2019 sheet and a wooden pointer and it worked. To this day I can sight-read sol-fah music, all thanks to Rossie.\u201d<\/p>\n<p>Rod also gained experience through the Lochinver School Choir which Ross led, competing in local and national M\u00f2ds. It wasn\u2019t just through formal education that his musical experience developed, however. During his teens and early adult years, he sang with his brother, Kenny, Kenny\u2019s wife, Marlene, her sister Joan and others including Rossie\u2019s son, Willie, and  Hughie Ross (no relation), who had formerly played with  the Strathpeffer Dance Band, and as a concert party, they sometimes appeared with the Lochinver Dance Band. Rod, Kenny, Marlene and Joan continued to sing together in close harmony in both Gaelic and English throughout a large part of their adult lives.<\/p>\n<p>Rod trained as a business studies teacher in Glasgow, where he met his wife, Alison, with whom he would have four daughters \u2013 Sheila, Eilidh, Gillian and Fiona.<\/p>\n<p>In 1972 his work took the family to Lewis, where he taught in the Nicolson Institute in Stornoway, initially living there before moving to his beloved village of Gress, in the district of Back, which he would later describe as his favourite place on earth, along with Assynt. He taught at the Nicolson until his retirement, then in 2002 he and Alison moved to Ross-shire to be nearer family.<\/p>\n<p>He has described their time on Lewis as the best years of their lives: \u201cLiving on a beautiful island among the most wonderful, caring and kind people on earth, and where our girls were able to soak in all the wonderful language, music and culture of Gaeldom which has become such a central part of our family life. We are so delighted that all our 13 grandchildren have been through Gaelic medium education in Dingwall, Inverness and Edinburgh and are now fluent speakers \u2013 a wonderful gift for life!\u201d<\/p>\n<p>It was in 1978 that, concerned that there was no local school or community choir and mindful that the 1979 National M\u00f2d was planned for Stornoway, the first time the national event had been held in the Western Isles, he was inspired to start a children\u2019s choir, initially called Back Junior Gaelic Choir but a few years later changing its name to C\u00f2isir \u00d2g a Bhac. He then formed C\u00f2isir Loch a Tuath for 13-18-year-olds, then some time later, in what he termed \u201ca sort of natural evolution\u201d, the adult C\u00f2isir Sg\u00ecr\u2019 a Bhac came into being.<\/p>\n<p>He regards working with all of them as amongst the most enjoyable and rewarding years of his life. \u201cTo see these folk from our local community develop into such a musically satisfying and socially cohesive \u2018family\u2019 was so personally fulfilling and satisfying.\u201d&nbsp;<\/p>\n<p>All of which took time and patience, and could not have been achieved without the emotional and practical support of Alison, who also sang in a choir with him in their early days in Lewis.<\/p>\n<p>He found young choir members\u2019 parents supportive and also reckons he tapped into a lot of \u201craw talent\u201d within the community but, considering his lack of formal training in music teaching, it was his passion and commitment that had a lot to do with these choirs\u2019 successes.<\/p>\n<p>As one long-standing choir member, Diane Macleod, puts it: \u201cRod \u2013 or Ruaraidh, as I know he likes to be called \u2013 could bring out of us what we didn\u2019t think we could do!\u201d<\/p>\n<p>Even after his retirement, Rod could be found singing with C\u00f2isir Sg\u00ecr\u2019 a Bhac \u2013 the last time was at the National M\u00f2d in Thurso in 2010 \u2013 the same year that both the Traditional Gold Medal winners, Margaret MacLeman and Eoghainn Macleod, came from the choir. More than just bringing silverware to the Back district, however, the choirs brought the community together to perform for local charities and care homes as well as at other local events.<\/p>\n<p>Another member, Murdo \u201cCloudy\u201d Macleod, says that his 26-year involvement with C\u00f2isir Sg\u00ecr\u2019 a Bhac was \u201cdown to Rodney\u2019s encouragement and tutoring at the beginning. He has single-handedly brought our district of Back to the forefront of Gaelic music \u2013 all without looking for recognition or acclaim for himself, but simply for his love of Gaelic singing.\u201d<\/p>\n<p>And the acclaimed singer, piper and actress Anna Murray, a former member of C\u00f2isir Loch a Tuath, credits Rod for launching her on her musical journey, describing him as \u201can inspirational music educator. Rodney\u2019s door was always open to anyone and everyone who wanted to sing, and especially those who feared they couldn\u2019t. He taught us to really listen and to never forget the listener.<\/p>\n<p>\u201cHis selfless dedication and encouragement to our community and singers is an inspiration and something for which we will be forever grateful.\u201d<\/p>\n<p>Rod passed away in February 2017.&nbsp;<\/p>\n","protected":false},"excerpt":{"rendered":"<p>Rod Mackenzie was the inspirational founder, leader and teacher of no less than three Gaelic choirs from the district of Back, in Lewis, which frequently enjoyed success at the National M\u00f2d and other competitions. A deputy head and business studies teacher by profession, with no formal training in music education, he nevertheless, through his enthusiasm [&hellip;]<\/p>\n","protected":false},"author":2,"featured_media":2707,"parent":0,"menu_order":0,"comment_status":"closed","ping_status":"closed","template":"","meta":{"_genesis_hide_title":false,"_genesis_hide_breadcrumbs":false,"_genesis_hide_singular_image":false,"_genesis_hide_footer_widgets":false,"_genesis_custom_body_class":"","_genesis_custom_post_class":"","_genesis_layout":"","footnotes":""},"class_list":{"0":"post-2709","1":"page","2":"type-page","3":"status-publish","4":"has-post-thumbnail","6":"entry"},"_links":{"self":[{"href":"https:\/\/projects.handsupfortrad.scot\/hall-of-fame\/wp-json\/wp\/v2\/pages\/2709","targetHints":{"allow":["GET"]}}],"collection":[{"href":"https:\/\/projects.handsupfortrad.scot\/hall-of-fame\/wp-json\/wp\/v2\/pages"}],"about":[{"href":"https:\/\/projects.handsupfortrad.scot\/hall-of-fame\/wp-json\/wp\/v2\/types\/page"}],"author":[{"embeddable":true,"href":"https:\/\/projects.handsupfortrad.scot\/hall-of-fame\/wp-json\/wp\/v2\/users\/2"}],"replies":[{"embeddable":true,"href":"https:\/\/projects.handsupfortrad.scot\/hall-of-fame\/wp-json\/wp\/v2\/comments?post=2709"}],"version-history":[{"count":2,"href":"https:\/\/projects.handsupfortrad.scot\/hall-of-fame\/wp-json\/wp\/v2\/pages\/2709\/revisions"}],"predecessor-version":[{"id":2758,"href":"https:\/\/projects.handsupfortrad.scot\/hall-of-fame\/wp-json\/wp\/v2\/pages\/2709\/revisions\/2758"}],"wp:featuredmedia":[{"embeddable":true,"href":"https:\/\/projects.handsupfortrad.scot\/hall-of-fame\/wp-json\/wp\/v2\/media\/2707"}],"wp:attachment":[{"href":"https:\/\/projects.handsupfortrad.scot\/hall-of-fame\/wp-json\/wp\/v2\/media?parent=2709"}],"curies":[{"name":"wp","href":"https:\/\/api.w.org\/{rel}","templated":true}]}}