{"id":2041,"date":"2016-03-09T13:46:12","date_gmt":"2016-03-09T13:46:12","guid":{"rendered":"http:\/\/projects.handsupfortrad.scot\/hall-of-fame\/?page_id=2041"},"modified":"2016-03-09T13:46:12","modified_gmt":"2016-03-09T13:46:12","slug":"catriona-macintyre-gaelic-teacher-and-organiser","status":"publish","type":"page","link":"https:\/\/projects.handsupfortrad.scot\/hall-of-fame\/catriona-macintyre-gaelic-teacher-and-organiser\/","title":{"rendered":"Catriona MacIntyre, Gaelic teacher and organiser"},"content":{"rendered":"<p><img loading=\"lazy\" decoding=\"async\" class=\"alignright size-medium wp-image-2042\" src=\"http:\/\/projects.handsupfortrad.scot\/hall-of-fame\/files\/2016\/03\/catriona-macintyre-205x300.jpg\" alt=\"catriona macintyre\" width=\"205\" height=\"300\" srcset=\"https:\/\/projects.handsupfortrad.scot\/hall-of-fame\/files\/2016\/03\/catriona-macintyre-205x300.jpg 205w, https:\/\/projects.handsupfortrad.scot\/hall-of-fame\/files\/2016\/03\/catriona-macintyre-768x1122.jpg 768w, https:\/\/projects.handsupfortrad.scot\/hall-of-fame\/files\/2016\/03\/catriona-macintyre-701x1024.jpg 701w, https:\/\/projects.handsupfortrad.scot\/hall-of-fame\/files\/2016\/03\/catriona-macintyre.jpg 1084w\" sizes=\"auto, (max-width: 205px) 100vw, 205px\" \/>BOTH as a Gaelic medium teacher and development officer in west Highland schools as well as an organiser and tutor in the F\u00e8isean movement and, most recently, with the award-winning Ce\u00f2las initiative on her native South Uist, Catriona MacIntyre has been a tireless champion of Gaelic language and culture.<\/p>\n<p>With Gaelic as her first \u2013 \u201cand preferred\u201d \u2013 language, Catriona has taught it as a second language to children and adults all her adult life \u2013 in the classroom, at local F\u00e8isean gatherings and festivals, and online.<\/p>\n<p>Born and brought up in a Gaelic-speaking household in Iochdar, South Uist, Catriona went to Lochaber High School in Fort William then trained as a primary school teacher in Glasgow Her first teaching post was in Lochboisdale, back in South Uist, then in 1971 she married and moved to Fort William, where she taught in Lochyside Primary School for some 20 years, with breaks while her three children were young. While she would work in the Lochaber area for almost 40 years, she says that always considered herself an Uibhisteach at heart.<\/p>\n<p>However, her exile from South Uist would prove highly beneficial to the Gaelic language movement in Lochaber. Following her teaching years at Lochyside Primary, she was seconded to the post of Gaelic development officer for a year to assess interest in Gaelic medium education in Lochaber. She found plenty of demand and, as a result, the first Gaelic medium unit in Lochaber was established in Acharacle\u00a0Primary School in 1992, with further units introduced in Fort William and Morar not long afterwards.<\/p>\n<p>Catriona became the first Gaelic medium teacher at Acharacle, where she worked for eight years, commuting daily from Fort William. In 2000 she became a Gaelic medium support teacher for the three units in Lochaber as well as support teacher for Gaelic nurseries in the area. Then 2004 saw her appointed as Gaelic Early Years Development Officer for Highland, which meant that, until her retirement in 2008, she travelled throughout the Highland Council area, providing support for Gaelic medium pre-school education.<\/p>\n<p>While working at Acharachle, parallel to her teaching and support work for Highland Council, Catriona became closely involved with the emergent F\u00e8isean movement during the Nineties, as an organiser and as a tutor, initially as a drama tutor with the local F\u00e8is nan Garbh Chr\u00ecochan. As her involvement broadened, she became a board member on F\u00e8isean nan G\u00e0idheal, serving two periods as chairperson. \u201cAs a Gaelic speaker,\u201d she says, \u201csteeped in the culture from an early age, I have always been supportive of the F\u00e8isean movement and its aims.\u201d<\/p>\n<p>After 43 years spent working in Lochaber, Catriona\u2019s laughably termed \u201cretirement\u201d, saw her move back to her native South Uist, where she still undertakes some Gaelic-medium supply teaching and is a director on the board of the Ce\u00f2las Gaelic arts and heritage organisation, which recently received an international award in the Daily Record Scottish Gaelic Awards for its work in building links with other festivals such as Glasgow\u2019s Celtic Connections and Celtic Colours in Nova Scotia.<\/p>\n<p>Not only does Ce\u00f2las continue to provide Gaelic language courses for adult learners, but it has recently started delivering \u201cGaelic enrichment\u201d courses for trainee Gaelic-medium teachers, with Catriona involved in planning and delivering the courses. She also works for Sabhal M\u00f2r Ostaig, the Gaelic college and cultural centre on Skye, both on online and short-course teaching.<\/p>\n<p>\u201cCatriona MacIntyre is a community-spirited individual with a great love of Gaelic language and culture and an even greater desire to ensure it is passed on to younger generations,\u201d says Arthur Cormack, chief executive of F\u00e8isean nan G\u00e0idheal. \u00a0\u201cShe did not one but two stints as chair of F\u00e8isean nan G\u00e0idheal, a role that she carried out with great skill and in which she was much respected by staff, F\u00e8is organisers and funders.<\/p>\n<p>\u201cHaving \u2018retired\u2019 to her native South Uist, her energy levels have not abated and she is now involved with the highly-successful Ce\u00f2las programme and will be a great asset to them as they seek to develop their work. \u00a0Tha Catriona f\u00ecor airidh air urram agus ghuidhinn buaidh is piseach leatha san \u00e0m ri teachd \u2013 Catriona is very worthy of recognition and I wish her every success in the future.\u201d<\/p>\n","protected":false},"excerpt":{"rendered":"<p>BOTH as a Gaelic medium teacher and development officer in west Highland schools as well as an organiser and tutor in the F\u00e8isean movement and, most recently, with the award-winning Ce\u00f2las initiative on her native South Uist, Catriona MacIntyre has been a tireless champion of Gaelic language and culture. With Gaelic as her first \u2013 [&hellip;]<\/p>\n","protected":false},"author":2,"featured_media":2042,"parent":0,"menu_order":0,"comment_status":"closed","ping_status":"closed","template":"","meta":{"_genesis_hide_title":false,"_genesis_hide_breadcrumbs":false,"_genesis_hide_singular_image":false,"_genesis_hide_footer_widgets":false,"_genesis_custom_body_class":"","_genesis_custom_post_class":"","_genesis_layout":"","footnotes":""},"class_list":{"0":"post-2041","1":"page","2":"type-page","3":"status-publish","4":"has-post-thumbnail","6":"entry"},"_links":{"self":[{"href":"https:\/\/projects.handsupfortrad.scot\/hall-of-fame\/wp-json\/wp\/v2\/pages\/2041","targetHints":{"allow":["GET"]}}],"collection":[{"href":"https:\/\/projects.handsupfortrad.scot\/hall-of-fame\/wp-json\/wp\/v2\/pages"}],"about":[{"href":"https:\/\/projects.handsupfortrad.scot\/hall-of-fame\/wp-json\/wp\/v2\/types\/page"}],"author":[{"embeddable":true,"href":"https:\/\/projects.handsupfortrad.scot\/hall-of-fame\/wp-json\/wp\/v2\/users\/2"}],"replies":[{"embeddable":true,"href":"https:\/\/projects.handsupfortrad.scot\/hall-of-fame\/wp-json\/wp\/v2\/comments?post=2041"}],"version-history":[{"count":1,"href":"https:\/\/projects.handsupfortrad.scot\/hall-of-fame\/wp-json\/wp\/v2\/pages\/2041\/revisions"}],"predecessor-version":[{"id":2043,"href":"https:\/\/projects.handsupfortrad.scot\/hall-of-fame\/wp-json\/wp\/v2\/pages\/2041\/revisions\/2043"}],"wp:featuredmedia":[{"embeddable":true,"href":"https:\/\/projects.handsupfortrad.scot\/hall-of-fame\/wp-json\/wp\/v2\/media\/2042"}],"wp:attachment":[{"href":"https:\/\/projects.handsupfortrad.scot\/hall-of-fame\/wp-json\/wp\/v2\/media?parent=2041"}],"curies":[{"name":"wp","href":"https:\/\/api.w.org\/{rel}","templated":true}]}}